{"id":1630,"date":"2018-12-04T14:17:11","date_gmt":"2018-12-04T11:17:11","guid":{"rendered":"https:\/\/www.zincirkizagi.com.tr\/?page_id=1630"},"modified":"2025-06-08T15:23:25","modified_gmt":"2025-06-08T12:23:25","slug":"misyonumuz","status":"publish","type":"page","link":"https:\/\/www.zincirkizagi.com.tr\/?page_id=1630","title":{"rendered":"Misyonumuz"},"content":{"rendered":"<section class=\"wpb-content-wrapper\"><p>[vc_row][vc_column][vc_column_text]Topluma ve \u00e7evreye sayg\u0131l\u0131 konvey\u00f6r bantlar, pvc ve kau\u00e7uk konvey\u00f6r bantlar, tpu poli\u00fcretan konvey\u00f6r band d\u00fcz kay\u0131\u015flar festo pn\u00f6matik ekipmanlar, avare rulo tahrikli rulo, plastik rulo ba\u015fl\u0131\u011f\u0131, metak rulo ba\u015fl\u0131\u011f\u0131 ve PE 1000 m\u00fchendislik plastikleri \u00fcretmek, projelere ula\u015fmak ve bu \u00e7al\u0131\u015fmalar\u0131 y\u00f6netirken TechnoMarket g\u00fc\u00e7l\u00fc markas\u0131 ile maksimum m\u00fc\u015fteri memnuniyetine ula\u015fmakt\u0131r.<\/p>\n<p>T\u00fcm misyonumuz \u00e7evre \u2013 insan ve m\u00fc\u015fteri beklentilerine uygun geli\u015fim sergilemektir.[\/vc_column_text][\/vc_column][\/vc_row][vc_row][vc_column][vc_column_text]daha fazlas\u0131 i\u00e7in info@technomarket.info.tr[\/vc_column_text][\/vc_column][\/vc_row]<\/p>\n<\/section>","protected":false},"excerpt":{"rendered":"[vc_row][vc_column][vc_column_text]Topluma ve \u00e7evreye sayg\u0131l\u0131 konvey\u00f6r bantlar, pvc ve kau\u00e7uk konvey\u00f6r bantlar, tpu poli\u00fcretan konvey\u00f6r band d\u00fcz kay\u0131\u015flar festo pn\u00f6matik ekipmanlar, avare rulo tahrikli rulo, plastik rulo ba\u015fl\u0131\u011f\u0131, metak rulo ba\u015fl\u0131\u011f\u0131 ve PE 1000 m\u00fchendislik plastikleri \u00fcretmek, projelere ula\u015fmak ve bu \u00e7al\u0131\u015fmalar\u0131 y\u00f6netirken TechnoMarket g\u00fc\u00e7l\u00fc markas\u0131 ile maksimum m\u00fc\u015fteri memnuniyetine ula\u015fmakt\u0131r. T\u00fcm misyonumuz \u00e7evre \u2013 insan &#8230;","protected":false},"author":1,"featured_media":0,"parent":0,"menu_order":0,"comment_status":"open","ping_status":"open","template":"","meta":{"_joinchat":[],"footnotes":""},"class_list":["post-1630","page","type-page","status-publish","hentry"],"aioseo_notices":[],"_links":{"self":[{"href":"https:\/\/www.zincirkizagi.com.tr\/index.php?rest_route=\/wp\/v2\/pages\/1630","targetHints":{"allow":["GET"]}}],"collection":[{"href":"https:\/\/www.zincirkizagi.com.tr\/index.php?rest_route=\/wp\/v2\/pages"}],"about":[{"href":"https:\/\/www.zincirkizagi.com.tr\/index.php?rest_route=\/wp\/v2\/types\/page"}],"author":[{"embeddable":true,"href":"https:\/\/www.zincirkizagi.com.tr\/index.php?rest_route=\/wp\/v2\/users\/1"}],"replies":[{"embeddable":true,"href":"https:\/\/www.zincirkizagi.com.tr\/index.php?rest_route=%2Fwp%2Fv2%2Fcomments&post=1630"}],"version-history":[{"count":4,"href":"https:\/\/www.zincirkizagi.com.tr\/index.php?rest_route=\/wp\/v2\/pages\/1630\/revisions"}],"predecessor-version":[{"id":3897,"href":"https:\/\/www.zincirkizagi.com.tr\/index.php?rest_route=\/wp\/v2\/pages\/1630\/revisions\/3897"}],"wp:attachment":[{"href":"https:\/\/www.zincirkizagi.com.tr\/index.php?rest_route=%2Fwp%2Fv2%2Fmedia&parent=1630"}],"curies":[{"name":"wp","href":"https:\/\/api.w.org\/{rel}","templated":true}]}}