{"id":1632,"date":"2018-12-04T14:18:15","date_gmt":"2018-12-04T11:18:15","guid":{"rendered":"https:\/\/www.zincirkizagi.com.tr\/?page_id=1632"},"modified":"2025-06-08T15:26:30","modified_gmt":"2025-06-08T12:26:30","slug":"vizyonumuz","status":"publish","type":"page","link":"https:\/\/www.zincirkizagi.com.tr\/?page_id=1632","title":{"rendered":"Vizyonumuz"},"content":{"rendered":"<section class=\"wpb-content-wrapper\"><p>[vc_row][vc_column][vc_column_text]. En temel vizyonumuz konvey\u00f6r bant \u00fcretim s\u00fcrecini k\u0131salt\u0131p, en optimum sevk s\u00fcresini sa\u011flamak.<\/p>\n<p>. Kalite y\u00f6netim sistemini s\u00fcre\u00e7 odakl\u0131 geli\u015ftirmek<\/p>\n<p>. Son teknolojik konvey\u00f6r bant ve kay\u0131\u015f \u00fcreticisi olup, d\u00fcnya vizyonunu kazanmak.<\/p>\n<p>. Tedarik zincirini i\u015fin kimyas\u0131 olarak belirledik. Bili\u015fim teknolojileri ile entegre ederek m\u00fc\u015fterilerimizin konvey\u00f6r bant servis ihtiyac\u0131na her an cevap verebilmek.<\/p>\n<p>. Ayr\u0131ca Pendik ma\u011fazam\u0131zdan t\u00fcm Festo Pn\u00f6matik Ekipmanlar\u0131na stoktan ula\u015fabilirsiniz[\/vc_column_text][\/vc_column][\/vc_row][vc_row][vc_column][vc_column_text]daha fazlas\u0131 i\u00e7in info@technomarket.info.tr[\/vc_column_text][\/vc_column][\/vc_row]<\/p>\n<\/section>","protected":false},"excerpt":{"rendered":"[vc_row][vc_column][vc_column_text]. En temel vizyonumuz konvey\u00f6r bant \u00fcretim s\u00fcrecini k\u0131salt\u0131p, en optimum sevk s\u00fcresini sa\u011flamak. . Kalite y\u00f6netim sistemini s\u00fcre\u00e7 odakl\u0131 geli\u015ftirmek . Son teknolojik konvey\u00f6r bant ve kay\u0131\u015f \u00fcreticisi olup, d\u00fcnya vizyonunu kazanmak. . Tedarik zincirini i\u015fin kimyas\u0131 olarak belirledik. Bili\u015fim teknolojileri ile entegre ederek m\u00fc\u015fterilerimizin konvey\u00f6r bant servis ihtiyac\u0131na her an cevap verebilmek. . &#8230;","protected":false},"author":1,"featured_media":0,"parent":0,"menu_order":0,"comment_status":"open","ping_status":"open","template":"","meta":{"_joinchat":[],"footnotes":""},"class_list":["post-1632","page","type-page","status-publish","hentry"],"aioseo_notices":[],"_links":{"self":[{"href":"https:\/\/www.zincirkizagi.com.tr\/index.php?rest_route=\/wp\/v2\/pages\/1632","targetHints":{"allow":["GET"]}}],"collection":[{"href":"https:\/\/www.zincirkizagi.com.tr\/index.php?rest_route=\/wp\/v2\/pages"}],"about":[{"href":"https:\/\/www.zincirkizagi.com.tr\/index.php?rest_route=\/wp\/v2\/types\/page"}],"author":[{"embeddable":true,"href":"https:\/\/www.zincirkizagi.com.tr\/index.php?rest_route=\/wp\/v2\/users\/1"}],"replies":[{"embeddable":true,"href":"https:\/\/www.zincirkizagi.com.tr\/index.php?rest_route=%2Fwp%2Fv2%2Fcomments&post=1632"}],"version-history":[{"count":7,"href":"https:\/\/www.zincirkizagi.com.tr\/index.php?rest_route=\/wp\/v2\/pages\/1632\/revisions"}],"predecessor-version":[{"id":3898,"href":"https:\/\/www.zincirkizagi.com.tr\/index.php?rest_route=\/wp\/v2\/pages\/1632\/revisions\/3898"}],"wp:attachment":[{"href":"https:\/\/www.zincirkizagi.com.tr\/index.php?rest_route=%2Fwp%2Fv2%2Fmedia&parent=1632"}],"curies":[{"name":"wp","href":"https:\/\/api.w.org\/{rel}","templated":true}]}}