{"id":1634,"date":"2018-12-04T14:19:37","date_gmt":"2018-12-04T11:19:37","guid":{"rendered":"https:\/\/www.zincirkizagi.com.tr\/?page_id=1634"},"modified":"2025-06-08T15:22:39","modified_gmt":"2025-06-08T12:22:39","slug":"kalite-politikamiz","status":"publish","type":"page","link":"https:\/\/www.zincirkizagi.com.tr\/?page_id=1634","title":{"rendered":"Kalite Politikam\u0131z"},"content":{"rendered":"<section class=\"wpb-content-wrapper\"><p>[vc_row][vc_column][vc_column_text]Hizmette hedefimiz \u201c\u0130lk seferde do\u011fru yapmak ve s\u0131f\u0131r hatad\u0131r\u201d<\/p>\n<p>Amac\u0131m\u0131z konvey\u00f6r bant ve t\u00fcm servis ihtiya\u00e7lar\u0131n\u0131, t\u00fcm di\u015fli kay\u0131\u015f, \u00e7elik telli zaman kay\u0131\u015f\u0131, triger di\u015fli kasnak, rulman ve zincir-zincir k\u0131za\u011f\u0131 festo pn\u00f6matik \u00fcr\u00fcnler, festo \u015fartland\u0131r\u0131c\u0131lar, festo pano,festo rakor,festo hortum \u00fcr\u00fcnlerini m\u00fc\u015fterilerimizin beklentilerine uygun \u00a0cevap verebilmek, firmam\u0131z\u0131n rekabet ve geli\u015fim g\u00fcc\u00fcn\u00fc artt\u0131rabilmektir.<\/p>\n<p>\u0130mal etmekte oldu\u011fumuz \u00f6zellikle di\u015fli kay\u0131\u015f, \u00e7elik telli zaman kay\u0131\u015f\u0131, kaplamal\u0131 triger zaman kay\u0131\u015f\u0131,linateks kaplama,d\u00fcz kay\u0131\u015f, d\u00fcz bant, konvey\u00f6r band, poli\u00fcretan bant, pvc ta\u015f\u0131ma konvey\u00f6r sistemler, kau\u00e7uk konvey\u00f6r bant, lastik epdm kau\u00e7uk band, eklemeli kay\u0131\u015f fenner drives, iwis zincir, renold zincir, bussmann sigortalar, festo valf adas\u0131, festo adnf pn\u00f6matik \u00fcr\u00fcnler, viraj d\u00f6n\u00fc\u015f bantlar\u0131n\u0131n zaman\u0131nda, eksiksiz ve problemsiz olarak teslim edilmesi vazge\u00e7ilmez bir kalite ilkemizdir.[\/vc_column_text][\/vc_column][\/vc_row][vc_row][vc_column][vc_column_text]daha fazlas\u0131 i\u00e7in info@technomarket.info.tr[\/vc_column_text][\/vc_column][\/vc_row]<\/p>\n<\/section>","protected":false},"excerpt":{"rendered":"[vc_row][vc_column][vc_column_text]Hizmette hedefimiz \u201c\u0130lk seferde do\u011fru yapmak ve s\u0131f\u0131r hatad\u0131r\u201d Amac\u0131m\u0131z konvey\u00f6r bant ve t\u00fcm servis ihtiya\u00e7lar\u0131n\u0131, t\u00fcm di\u015fli kay\u0131\u015f, \u00e7elik telli zaman kay\u0131\u015f\u0131, triger di\u015fli kasnak, rulman ve zincir-zincir k\u0131za\u011f\u0131 festo pn\u00f6matik \u00fcr\u00fcnler, festo \u015fartland\u0131r\u0131c\u0131lar, festo pano,festo rakor,festo hortum \u00fcr\u00fcnlerini m\u00fc\u015fterilerimizin beklentilerine uygun \u00a0cevap verebilmek, firmam\u0131z\u0131n rekabet ve geli\u015fim g\u00fcc\u00fcn\u00fc artt\u0131rabilmektir. \u0130mal etmekte oldu\u011fumuz \u00f6zellikle &#8230;","protected":false},"author":1,"featured_media":0,"parent":0,"menu_order":0,"comment_status":"open","ping_status":"open","template":"","meta":{"_joinchat":[],"footnotes":""},"class_list":["post-1634","page","type-page","status-publish","hentry"],"aioseo_notices":[],"_links":{"self":[{"href":"https:\/\/www.zincirkizagi.com.tr\/index.php?rest_route=\/wp\/v2\/pages\/1634","targetHints":{"allow":["GET"]}}],"collection":[{"href":"https:\/\/www.zincirkizagi.com.tr\/index.php?rest_route=\/wp\/v2\/pages"}],"about":[{"href":"https:\/\/www.zincirkizagi.com.tr\/index.php?rest_route=\/wp\/v2\/types\/page"}],"author":[{"embeddable":true,"href":"https:\/\/www.zincirkizagi.com.tr\/index.php?rest_route=\/wp\/v2\/users\/1"}],"replies":[{"embeddable":true,"href":"https:\/\/www.zincirkizagi.com.tr\/index.php?rest_route=%2Fwp%2Fv2%2Fcomments&post=1634"}],"version-history":[{"count":4,"href":"https:\/\/www.zincirkizagi.com.tr\/index.php?rest_route=\/wp\/v2\/pages\/1634\/revisions"}],"predecessor-version":[{"id":3899,"href":"https:\/\/www.zincirkizagi.com.tr\/index.php?rest_route=\/wp\/v2\/pages\/1634\/revisions\/3899"}],"wp:attachment":[{"href":"https:\/\/www.zincirkizagi.com.tr\/index.php?rest_route=%2Fwp%2Fv2%2Fmedia&parent=1634"}],"curies":[{"name":"wp","href":"https:\/\/api.w.org\/{rel}","templated":true}]}}