{"id":247,"date":"2014-01-28T06:08:25","date_gmt":"2014-01-28T06:08:25","guid":{"rendered":"http:\/\/localhost\/increate\/?page_id=247"},"modified":"2025-06-08T15:21:04","modified_gmt":"2025-06-08T12:21:04","slug":"leader-of-total-solution-inturkey-middle-east-and-turkish-countries","status":"publish","type":"page","link":"https:\/\/www.zincirkizagi.com.tr\/?page_id=247","title":{"rendered":"Hakk\u0131m\u0131zda"},"content":{"rendered":"<section class=\"wpb-content-wrapper\"><p>[vc_row][vc_column][vc_column_text]Technomarket , end\u00fcstriyel sanayide ki en yak\u0131n i\u015f orta\u011f\u0131n\u0131zd\u0131r. Geni\u015f \u00fcr\u00fcn portf\u00f6y\u00fcnde \u00fcst\u00fcn,ba\u015far\u0131l\u0131 teknolojik end\u00fcstriyel \u00fcr\u00fcnler, hizmetler ve deneyim\u00a0 biriktirdi.<\/p>\n<p>Bu kuvvetli \u00a0\u00a0y\u00f6nlere dayanarak, h\u0131zl\u0131 ve ba\u015far\u0131l\u0131 b\u00fcy\u00fcmemizi tekliflerimizin-sipari\u015flerimizin sevkiyatlar\u0131m\u0131z\u0131n s\u00fcrekli ba\u011flant\u0131s\u0131 ile birle\u015ftiriyoruz.<\/p>\n<p>T\u00fcm\u00fcyle m\u00fc\u015fteri odakl\u0131 ve proses odakl\u0131\u00a0 yakla\u015f\u0131m\u0131m\u0131z Technomarketi her uygulama i\u00e7in y\u00fcksek kaliteli, pvc konvey\u00f6r bantlar, plastik mod\u00fcler bantlar,flat chain,d\u00fcz kay\u0131\u015flar, kau\u00e7uk konvey\u00f6r bant,di\u015fli triger kay\u0131\u015flar, sahada servis, triger di\u015fli kasnaklar,zincir di\u015fliler, kaplinler, tpu g\u0131daya uygun (FDA) onayl\u0131 poli\u00fcretan bantlar, kaplamal\u0131 \u00e7elik telli zaman kay\u0131\u015flar\u0131, triger belt ko\u015fu bantlar\u0131, ko\u015fu band\u0131 paleti y\u00fcksek densitili PE 1000 m\u00fchendislik plastikleri, a\u015f\u0131nd\u0131rma k\u0131zaklar\u0131, zincir k\u0131zaklar\u0131, zincirler, metalik profiller, plastik zincirler, komponentler, konvey\u00f6r ayaklar\u0131, pabu\u00e7lar, d\u00f6n\u00fc\u015f viraj bantlar\u0131, plastik mod\u00fcler bantlar, asetal paletler, paslanmaz paletler,plastik rulo ba\u015fl\u0131klar\u0131,metal rulo ba\u015fl\u0131klar\u0131 plastik di\u015fliler, rulo kapaklar\u0131, rulmanlar ve y\u00fcksek kaliteli ta\u015f\u0131ma &#8211; g\u00fc\u00e7 aktarma \u00e7\u00f6z\u00fcmleri,pn\u00f6matik hortumlar,i\u015f eldivenleri,red\u00fckt\u00f6r ve motor,metal zincirler,c9 galvaniz metalik profiller, sunan en iyi ve yak\u0131n tedarik\u00e7idir.<\/p>\n<p>Bununla birlikte 2 adet cnc i\u015fleme makinas\u0131 ve 1 adet torna tezgah\u0131 ile her t\u00fcrl\u00fc mil,avara-avare konvey\u00f6r rulosu vd par\u00e7a i\u015fleriniz itina ile malzemeli ve malzemesiz \u015fekilde \u00fcretilir.<\/p>\n<p>\u0130\u015f g\u00fcvenli\u011fi ve t\u00fcm ihtiya\u00e7 duydu\u011funuz m\u00fchendislik teknik \u00fcr\u00fcn portf\u00f6y\u00fc i\u00e7in bize her zaman \u00a0ula\u015fabilirsiniz.[\/vc_column_text][\/vc_column][\/vc_row][vc_row][vc_column][vc_column_text]daha fazlas\u0131 i\u00e7in info@technomarket.info.tr[\/vc_column_text][\/vc_column][\/vc_row]<\/p>\n<\/section>","protected":false},"excerpt":{"rendered":"KONVEY\u00d6R BANT,KO\u015eU BANTI","protected":false},"author":1,"featured_media":0,"parent":0,"menu_order":0,"comment_status":"closed","ping_status":"closed","template":"","meta":{"_joinchat":[],"footnotes":""},"class_list":["post-247","page","type-page","status-publish","hentry"],"aioseo_notices":[],"_links":{"self":[{"href":"https:\/\/www.zincirkizagi.com.tr\/index.php?rest_route=\/wp\/v2\/pages\/247","targetHints":{"allow":["GET"]}}],"collection":[{"href":"https:\/\/www.zincirkizagi.com.tr\/index.php?rest_route=\/wp\/v2\/pages"}],"about":[{"href":"https:\/\/www.zincirkizagi.com.tr\/index.php?rest_route=\/wp\/v2\/types\/page"}],"author":[{"embeddable":true,"href":"https:\/\/www.zincirkizagi.com.tr\/index.php?rest_route=\/wp\/v2\/users\/1"}],"replies":[{"embeddable":true,"href":"https:\/\/www.zincirkizagi.com.tr\/index.php?rest_route=%2Fwp%2Fv2%2Fcomments&post=247"}],"version-history":[{"count":22,"href":"https:\/\/www.zincirkizagi.com.tr\/index.php?rest_route=\/wp\/v2\/pages\/247\/revisions"}],"predecessor-version":[{"id":3896,"href":"https:\/\/www.zincirkizagi.com.tr\/index.php?rest_route=\/wp\/v2\/pages\/247\/revisions\/3896"}],"wp:attachment":[{"href":"https:\/\/www.zincirkizagi.com.tr\/index.php?rest_route=%2Fwp%2Fv2%2Fmedia&parent=247"}],"curies":[{"name":"wp","href":"https:\/\/api.w.org\/{rel}","templated":true}]}}